{"id":441191,"date":"2025-03-10T12:02:54","date_gmt":"2025-03-10T11:02:54","guid":{"rendered":"https:\/\/champagne-mennetrier.com\/?post_type=product&#038;p=441191"},"modified":"2026-02-24T12:09:15","modified_gmt":"2026-02-24T11:09:15","slug":"millesime-2010","status":"publish","type":"product","link":"https:\/\/champagne-mennetrier.com\/en\/boutique\/millesime-2010\/","title":{"rendered":"Mill\u00e9sime 2010"},"content":{"rendered":"<p>[et_pb_section fb_built=\u00a0\u00bb1&Prime; _builder_version=\u00a0\u00bb4.16&Prime; custom_padding=\u00a0\u00bb0px||||false|false\u00a0\u00bb global_colors_info=\u00a0\u00bb{}\u00a0\u00bb][et_pb_row _builder_version=\u00a0\u00bb4.16&Prime; background_size=\u00a0\u00bbinitial\u00a0\u00bb background_position=\u00a0\u00bbtop_left\u00a0\u00bb background_repeat=\u00a0\u00bbrepeat\u00a0\u00bb width=\u00a0\u00bb100%\u00a0\u00bb custom_padding=\u00a0\u00bb0px||0px||false|false\u00a0\u00bb global_colors_info=\u00a0\u00bb{}\u00a0\u00bb][et_pb_column type=\u00a0\u00bb4_4&Prime; _builder_version=\u00a0\u00bb4.16&Prime; custom_padding=\u00a0\u00bb|||\u00a0\u00bb global_colors_info=\u00a0\u00bb{}\u00a0\u00bb custom_padding__hover=\u00a0\u00bb|||\u00a0\u00bb][et_pb_wc_breadcrumb _builder_version=\u00a0\u00bb4.16&Prime; global_colors_info=\u00a0\u00bb{}\u00a0\u00bb][\/et_pb_wc_breadcrumb][et_pb_wc_cart_notice _builder_version=\u00a0\u00bb4.16&Prime; global_colors_info=\u00a0\u00bb{}\u00a0\u00bb][\/et_pb_wc_cart_notice][\/et_pb_column][\/et_pb_row][et_pb_row column_structure=\u00a0\u00bb1_2,1_2&Prime; _builder_version=\u00a0\u00bb4.16&Prime; background_size=\u00a0\u00bbinitial\u00a0\u00bb background_position=\u00a0\u00bbtop_left\u00a0\u00bb background_repeat=\u00a0\u00bbrepeat\u00a0\u00bb width=\u00a0\u00bb100%\u00a0\u00bb custom_padding=\u00a0\u00bb0px||||false|false\u00a0\u00bb global_colors_info=\u00a0\u00bb{}\u00a0\u00bb][et_pb_column type=\u00a0\u00bb1_2&Prime; _builder_version=\u00a0\u00bb4.16&Prime; custom_padding=\u00a0\u00bb|||\u00a0\u00bb global_colors_info=\u00a0\u00bb{}\u00a0\u00bb custom_padding__hover=\u00a0\u00bb|||\u00a0\u00bb][et_pb_wc_images _builder_version=\u00a0\u00bb4.16&Prime; global_colors_info=\u00a0\u00bb{}\u00a0\u00bb][\/et_pb_wc_images][\/et_pb_column][et_pb_column type=\u00a0\u00bb1_2&Prime; _builder_version=\u00a0\u00bb4.16&Prime; custom_padding=\u00a0\u00bb|||\u00a0\u00bb global_colors_info=\u00a0\u00bb{}\u00a0\u00bb custom_padding__hover=\u00a0\u00bb|||\u00a0\u00bb][et_pb_wc_title _builder_version=\u00a0\u00bb4.16&Prime; global_colors_info=\u00a0\u00bb{}\u00a0\u00bb][\/et_pb_wc_title][et_pb_wc_rating _builder_version=\u00a0\u00bb4.16&Prime; global_colors_info=\u00a0\u00bb{}\u00a0\u00bb][\/et_pb_wc_rating][et_pb_wc_price _builder_version=\u00a0\u00bb4.16&Prime; global_colors_info=\u00a0\u00bb{}\u00a0\u00bb][\/et_pb_wc_price][et_pb_wc_description _builder_version=\u00a0\u00bb4.16&Prime; global_colors_info=\u00a0\u00bb{}\u00a0\u00bb][\/et_pb_wc_description][et_pb_wc_add_to_cart _builder_version=\u00a0\u00bb4.16&Prime; global_colors_info=\u00a0\u00bb{}\u00a0\u00bb][\/et_pb_wc_add_to_cart][et_pb_wc_meta _builder_version=\u00a0\u00bb4.16&Prime; global_colors_info=\u00a0\u00bb{}\u00a0\u00bb][\/et_pb_wc_meta][\/et_pb_column][\/et_pb_row][et_pb_row _builder_version=\u00a0\u00bb4.16&Prime; background_size=\u00a0\u00bbinitial\u00a0\u00bb background_position=\u00a0\u00bbtop_left\u00a0\u00bb background_repeat=\u00a0\u00bbrepeat\u00a0\u00bb width=\u00a0\u00bb100%\u00a0\u00bb global_colors_info=\u00a0\u00bb{}\u00a0\u00bb][et_pb_column type=\u00a0\u00bb4_4&Prime; _builder_version=\u00a0\u00bb4.16&Prime; custom_padding=\u00a0\u00bb|||\u00a0\u00bb global_colors_info=\u00a0\u00bb{}\u00a0\u00bb custom_padding__hover=\u00a0\u00bb|||\u00a0\u00bb][et_pb_wc_tabs _builder_version=\u00a0\u00bb4.27.4&Prime; global_colors_info=\u00a0\u00bb{}\u00a0\u00bb]\t\t\t\t\t[\/et_pb_wc_tabs][et_pb_wc_upsells _builder_version=\u00a0\u00bb4.27.4&Prime; global_colors_info=\u00a0\u00bb{}\u00a0\u00bb][\/et_pb_wc_upsells][et_pb_wc_related_products _builder_version=\u00a0\u00bb4.27.4&Prime; global_colors_info=\u00a0\u00bb{}\u00a0\u00bb][\/et_pb_wc_related_products][\/et_pb_column][\/et_pb_row][\/et_pb_section]<\/p>\n","protected":false},"excerpt":{"rendered":"","protected":false},"featured_media":446074,"template":"","meta":{"_et_pb_use_builder":"on","_et_pb_old_content":"Cuv\u00e9e 100% Chardonnay dont les raisins ont \u00e9t\u00e9 r\u00e9colt\u00e9s en 2010. Tr\u00e8s beau nez sur des notes de fleurs blanches (jasmin\/aub\u00e9pine). La mise en bouche pr\u00e9sente des notes de citron vert, ananas.\r\n\r\nBouteille de 75cl. Possibilit\u00e9 de panachage avec d'autres produits de la boutique.\r\n\r\nM\u00e9daille d\u2019or au concours des vins Elle \u00e0 table 2024\r\nM\u00e9daille d\u2019or au Concours Mondial des F\u00e9minalise 2025\r\n\r\n<img class=\"alignnone size-full wp-image-1527\" src=\"\/\/champagne-mennetrier.com\/wp-content\/uploads\/2025\/04\/file-picto.png\" alt=\"\" width=\"24\" height=\"24\" \/>\u00a0<a href=\"https:\/\/champagne-mennetrier.com\/wp-content\/uploads\/2026\/02\/Fiche-technique_FR_Millesime-2010_Web.pdf\" target=\"_blank\" rel=\"noopener\">Fiche technique<\/a>\r\n<img class=\"alignnone size-full wp-image-1527\" src=\"https:\/\/champagne-mennetrier.com\/wp-content\/uploads\/2025\/04\/file-picto.png\" alt=\"\" width=\"24\" height=\"24\" \/> <a href=\"https:\/\/champagne-mennetrier.com\/wp-content\/uploads\/2026\/02\/Fiche-technique_EN_Vintage-2010_Web.pdf\" target=\"_blank\" rel=\"noopener\">Technical Sheet<\/a>","_et_gb_content_width":"","iawp_total_views":154},"product_brand":[],"product_cat":[55],"product_tag":[],"class_list":{"0":"post-441191","1":"product","2":"type-product","3":"status-publish","4":"has-post-thumbnail","6":"product_cat-nos-champagnes","8":"first","9":"instock","10":"shipping-taxable","11":"purchasable","12":"product-type-simple"},"_links":{"self":[{"href":"https:\/\/champagne-mennetrier.com\/en\/wp-json\/wp\/v2\/product\/441191","targetHints":{"allow":["GET"]}}],"collection":[{"href":"https:\/\/champagne-mennetrier.com\/en\/wp-json\/wp\/v2\/product"}],"about":[{"href":"https:\/\/champagne-mennetrier.com\/en\/wp-json\/wp\/v2\/types\/product"}],"wp:featuredmedia":[{"embeddable":true,"href":"https:\/\/champagne-mennetrier.com\/en\/wp-json\/wp\/v2\/media\/446074"}],"wp:attachment":[{"href":"https:\/\/champagne-mennetrier.com\/en\/wp-json\/wp\/v2\/media?parent=441191"}],"wp:term":[{"taxonomy":"product_brand","embeddable":true,"href":"https:\/\/champagne-mennetrier.com\/en\/wp-json\/wp\/v2\/product_brand?post=441191"},{"taxonomy":"product_cat","embeddable":true,"href":"https:\/\/champagne-mennetrier.com\/en\/wp-json\/wp\/v2\/product_cat?post=441191"},{"taxonomy":"product_tag","embeddable":true,"href":"https:\/\/champagne-mennetrier.com\/en\/wp-json\/wp\/v2\/product_tag?post=441191"}],"curies":[{"name":"wp","href":"https:\/\/api.w.org\/{rel}","templated":true}]}}